{"id":2127,"date":"2020-04-01T21:07:58","date_gmt":"2020-04-01T21:07:58","guid":{"rendered":"https:\/\/www.yaffotheme.com\/?page_id=2127"},"modified":"2026-03-25T08:27:39","modified_gmt":"2026-03-25T08:27:39","slug":"about-me","status":"publish","type":"page","link":"https:\/\/tamlyhoctichcuc.vn\/?page_id=2127","title":{"rendered":"Gi\u1edbi thi\u1ec7u"},"content":{"rendered":"\n<div class=\"wp-block-group\"><div class=\"wp-block-group__inner-container is-layout-flow wp-block-group-is-layout-flow\"><\/div><\/div>\n\n\n\n<figure class=\"wp-block-image size-full\"><img loading=\"lazy\" decoding=\"async\" width=\"1202\" height=\"600\" src=\"data:image\/png;base64,iVBORw0KGgoAAAANSUhEUgAABLIAAAJYAQMAAABM3V1kAAAAA1BMVEUAAP+KeNJXAAAAAXRSTlMAQObYZgAAAAlwSFlzAAAOxAAADsQBlSsOGwAAAG9JREFUeNrtwTEBAAAAwqD1T20MH6AAAAAAAAAAAAAAAAAAAAAAAAAAAAAAAAAAAAAAAAAAAAAAAAAAAAAAAAAAAAAAAAAAAAAAAAAAAAAAAAAAAAAAAAAAAAAAAAAAAAAAAAAAAAAAAAAAAAAAeBpkTwABv1HCPwAAAABJRU5ErkJggg==\" alt=\"\" class=\"wp-image-2143 nebotheme-lazyload lazyload\" data-sizes=\"auto\" data-ls-sizes=\"auto, (max-width: 1202px) 100vw, 1202px\" data-src=\"http:\/\/tamlyhoctichcuc.vn\/wp-content\/uploads\/2020\/04\/About-2.jpg\" data-srcset=\"https:\/\/tamlyhoctichcuc.vn\/wp-content\/uploads\/2020\/04\/About-2.jpg 1202w, https:\/\/tamlyhoctichcuc.vn\/wp-content\/uploads\/2020\/04\/About-2-600x300.jpg 600w, https:\/\/tamlyhoctichcuc.vn\/wp-content\/uploads\/2020\/04\/About-2-300x150.jpg 300w, https:\/\/tamlyhoctichcuc.vn\/wp-content\/uploads\/2020\/04\/About-2-1024x511.jpg 1024w, https:\/\/tamlyhoctichcuc.vn\/wp-content\/uploads\/2020\/04\/About-2-768x383.jpg 768w, https:\/\/tamlyhoctichcuc.vn\/wp-content\/uploads\/2020\/04\/About-2-830x414.jpg 830w, https:\/\/tamlyhoctichcuc.vn\/wp-content\/uploads\/2020\/04\/About-2-1200x599.jpg 1200w\"><\/figure>\n\n\n\n<div class=\"wp-block-columns is-layout-flex wp-container-core-columns-is-layout-9d6595d7 wp-block-columns-is-layout-flex\">\n<div class=\"wp-block-column is-layout-flow wp-block-column-is-layout-flow\">\n<p><\/p>\n\n\n\n<h5 class=\"wp-block-heading has-text-align-center mt-3 has-hover-color has-text-color has-normal-font-size\">C\u1ea3m \u01a1n b\u1ea1n \u0111\u00e3 gh\u00e9 th\u0103m saugiolam.vn<\/h5>\n\n\n\n<p class=\"has-text-align-center\">C\u00f3 th\u1ec3 b\u1ea1n \u0111\u1ebfn \u0111\u00e2y v\u00ec m\u1ed9t s\u1ef1 t\u00f2 m\u00f2 r\u1ea5t nh\u1ecf. C\u0169ng c\u00f3 th\u1ec3 l\u00e0 v\u00ec b\u1ea1n \u0111ang h\u01a1i m\u1ec7t, ho\u1eb7c \u0111ang \u0111i qua m\u1ed9t giai \u0111o\u1ea1n m\u00e0 m\u1ecdi th\u1ee9 kh\u00f4ng c\u00f2n r\u00f5 r\u00e0ng nh\u01b0 tr\u01b0\u1edbc. D\u00f9 l\u00e0 l\u00fd do g\u00ec, m\u00ecnh th\u1eadt s\u1ef1 tr\u00e2n tr\u1ecdng vi\u1ec7c b\u1ea1n \u0111\u00e3 d\u1eebng l\u1ea1i \u1edf \u0111\u00e2y, d\u00f9 ch\u1ec9 l\u00e0 m\u1ed9t ch\u00fat.<\/p>\n\n\n\n<p class=\"has-text-align-center\">H\u00e3y \u0111\u1ec3 m\u00ecnh l\u00e0m quen v\u1edbi b\u1ea1n, b\u1eb1ng c\u00e2u chuy\u1ec7n c\u1ee7a m\u00ecnh, v\u00e0 c\u1ee7a nh\u1eefng g\u00ec m\u00ecnh \u0111ang c\u1ed1 g\u1eafng x\u00e2y d\u1ef1ng.<\/p>\n\n\n\n<hr class=\"wp-block-separator has-css-opacity\"\/>\n\n\n\n<p><\/p>\n<\/div>\n<\/div>\n\n\n\n<div class=\"wp-block-columns is-layout-flex wp-container-core-columns-is-layout-9d6595d7 wp-block-columns-is-layout-flex\">\n<div class=\"wp-block-column is-layout-flow wp-block-column-is-layout-flow\">\n<h3 class=\"wp-block-heading\"><strong>1. V\u1ec1 Li\u00ean Ho\u00e0ng<\/strong><\/h3>\n\n\n\n<p>M\u00ecnh l\u00e0 Li\u00ean.<\/p>\n\n\n\n<p>M\u00ecnh t\u1eebng \u0111i theo m\u1ed9t con \u0111\u01b0\u1eddng kh\u00e1 \u201c\u0111\u00fang\u201d: h\u1ecdc h\u00e0nh, t\u1ed1t nghi\u1ec7p Th\u1ea1c s\u0129 Marketing t\u1ea1i UK, r\u1ed3i tr\u1edf v\u1ec1 l\u00e0m vi\u1ec7c trong m\u00f4i tr\u01b0\u1eddng doanh nghi\u1ec7p. C\u00f4ng vi\u1ec7c mang l\u1ea1i cho m\u00ecnh nhi\u1ec1u c\u01a1 h\u1ed9i, nhi\u1ec1u tr\u1ea3i nghi\u1ec7m, v\u00e0 c\u1ea3 c\u1ea3m gi\u00e1c m\u00ecnh \u0111ang ti\u1ebfn v\u1ec1 ph\u00eda tr\u01b0\u1edbc.<\/p>\n\n\n\n<p>Nh\u01b0ng c\u0169ng c\u00f3 nh\u1eefng giai \u0111o\u1ea1n, gi\u1eefa gu\u1ed3ng quay \u0111\u00f3, m\u00ecnh nh\u1eadn ra c\u00f3 nh\u1eefng \u0111i\u1ec1u r\u1ea5t kh\u00f3 g\u1ecdi t\u00ean. Kh\u00f4ng h\u1eb3n l\u00e0 kh\u00f4ng \u1ed5n, nh\u01b0ng c\u0169ng kh\u00f4ng th\u1eadt s\u1ef1 \u1ed5n. M\u00ecnh v\u1eabn l\u00e0m vi\u1ec7c, v\u1eabn ho\u00e0n th\u00e0nh m\u1ecdi th\u1ee9, nh\u01b0ng \u0111\u00f4i khi l\u1ea1i kh\u00f4ng r\u00f5 m\u00ecnh \u0111ang c\u1ed1 g\u1eafng \u0111\u1ec3 \u0111i \u0111\u1ebfn \u0111\u00e2u.<\/p>\n\n\n\n<p>C\u00f3 nh\u1eefng ng\u00e0y r\u1ea5t b\u00ecnh th\u01b0\u1eddng nh\u01b0ng v\u1eabn th\u1ea5y m\u1ec7t. C\u00f3 nh\u1eefng \u0111i\u1ec1u t\u01b0\u1edfng l\u00e0 m\u00ecnh mu\u1ed1n, nh\u01b0ng khi \u0111\u1ea1t \u0111\u01b0\u1ee3c r\u1ed3i l\u1ea1i kh\u00f4ng c\u00f2n c\u1ea3m gi\u00e1c nh\u01b0 m\u00ecnh t\u1eebng ngh\u0129. V\u00e0 c\u0169ng c\u00f3 nh\u1eefng l\u00fac, m\u00ecnh kh\u00f4ng bi\u1ebft n\u00ean ti\u1ebfp t\u1ee5c nh\u01b0 th\u1ebf n\u00e0o, ch\u1ec9 l\u00e0 v\u1eabn \u0111ang \u0111i theo qu\u00e1n t\u00ednh.<\/p>\n\n\n\n<p>M\u00ecnh b\u1eaft \u0111\u1ea7u t\u00ecm \u0111\u1ebfn t\u00e2m l\u00fd h\u1ecdc t\u1eeb nh\u1eefng c\u00e2u h\u1ecfi r\u1ea5t c\u00e1 nh\u00e2n nh\u01b0 v\u1eady. Ban \u0111\u1ea7u ch\u1ec9 l\u00e0 \u0111\u1ecdc, r\u1ed3i h\u1ecdc, r\u1ed3i d\u1ea7n d\u1ea7n c\u00f3 m\u1ed9t c\u1ea3m gi\u00e1c r\u1ea5t r\u00f5: khi m\u00ecnh hi\u1ec3u \u0111\u01b0\u1ee3c \u0111i\u1ec1u g\u00ec \u0111ang di\u1ec5n ra b\u00ean trong m\u00ecnh, m\u1ecdi th\u1ee9 tr\u1edf n\u00ean nh\u1eb9 h\u01a1n. Kh\u00f4ng ph\u1ea3i v\u00ec v\u1ea5n \u0111\u1ec1 bi\u1ebfn m\u1ea5t, m\u00e0 v\u00ec m\u00ecnh kh\u00f4ng c\u00f2n th\u1ea5y l\u1ea1c l\u1ed1i trong ch\u00ednh tr\u1ea3i nghi\u1ec7m c\u1ee7a m\u00ecnh n\u1eefa.<\/p>\n\n\n\n<p>V\u00e0 m\u00ecnh b\u1eaft \u0111\u1ea7u vi\u1ebft.<\/p>\n\n\n\n<p>Vi\u1ebft nh\u01b0 m\u1ed9t c\u00e1ch \u0111\u1ec3 gi\u1eef l\u1ea1i nh\u1eefng \u0111i\u1ec1u m\u00ecnh \u0111\u00e3 hi\u1ec3u, v\u00e0 c\u1ea3 nh\u1eefng \u0111i\u1ec1u m\u00ecnh v\u1eabn \u0111ang loay hoay. Vi\u1ebft \u0111\u1ec3 nh\u1eefng c\u1ea3m x\u00fac m\u01a1 h\u1ed3 c\u00f3 th\u1ec3 \u0111\u01b0\u1ee3c g\u1ecdi t\u00ean. V\u00e0 vi\u1ebft v\u1edbi m\u1ed9t ni\u1ec1m tin r\u1ea5t gi\u1ea3n d\u1ecb r\u1eb1ng: n\u1ebfu m\u1ed9t \u0111i\u1ec1u g\u00ec \u0111\u00f3 t\u1eebng khi\u1ebfn m\u00ecnh tr\u0103n tr\u1edf, th\u00ec c\u00f3 l\u1ebd c\u0169ng s\u1ebd c\u00f3 ng\u01b0\u1eddi kh\u00e1c t\u1eebng \u0111i qua c\u1ea3m gi\u00e1c \u0111\u00f3.<\/p>\n\n\n\n<p>M\u00ecnh kh\u00f4ng \u1edf \u0111\u00e2y v\u1edbi m\u1ed9t phi\u00ean b\u1ea3n ho\u00e0n h\u1ea3o, hay v\u1edbi t\u1ea5t c\u1ea3 c\u00e2u tr\u1ea3 l\u1eddi. M\u00ecnh ch\u1ec9 \u0111ang s\u1ed1ng, \u0111ang tr\u1ea3i nghi\u1ec7m, v\u00e0 \u0111ang c\u1ed1 g\u1eafng hi\u1ec3u cu\u1ed9c s\u1ed1ng n\u00e0y theo c\u00e1ch ch\u00e2n th\u1eadt nh\u1ea5t c\u00f3 th\u1ec3.<\/p>\n\n\n\n<hr class=\"wp-block-separator has-alpha-channel-opacity\"\/>\n<\/div>\n<\/div>\n\n\n\n<div class=\"wp-block-columns is-layout-flex wp-container-core-columns-is-layout-9d6595d7 wp-block-columns-is-layout-flex\">\n<div class=\"wp-block-column is-layout-flow wp-block-column-is-layout-flow\">\n<blockquote class=\"wp-block-quote has-text-align-left is-style-default is-layout-flow wp-block-quote-is-layout-flow\">\n<p><em>We are shaped by our thoughts; we become what we think. When the mind is pure, joy follows like a shadow that never leaves.<\/em><\/p>\n<cite> GAUTAMA BUDDHA<\/cite><\/blockquote>\n\n\n\n<div class=\"wp-block-group\"><div class=\"wp-block-group__inner-container is-layout-constrained wp-block-group-is-layout-constrained\">\n<h3 class=\"wp-block-heading\"><strong>2. V\u1ec1 saugiolam.vn<\/strong><\/h3>\n<\/div><\/div>\n\n\n\n<p>Saugiolam.vn kh\u00f4ng ch\u1ec9 l\u00e0 m\u1ed9t website. V\u1edbi m\u00ecnh, \u0111\u00e2y gi\u1ed1ng nh\u01b0 m\u1ed9t \u201ckho\u1ea3ng sau gi\u1edd l\u00e0m\u201d \u0111\u01b0\u1ee3c gi\u1eef l\u1ea1i, l\u00e0 n\u01a1i m\u00ecnh gom l\u1ea1i hai \u0111i\u1ec1u m\u00e0 m\u00ecnh th\u1ea5y c\u00f3 \u00fd ngh\u0129a nh\u1ea5t: <strong>hi\u1ec3u<\/strong> v\u00e0<strong> s\u1ed1ng.<\/strong><\/p>\n\n\n\n<p>M\u1ed9t n\u01a1i m\u00e0, sau t\u1ea5t c\u1ea3 nh\u1eefng b\u1eadn r\u1ed9n, ch\u00fang ta c\u00f3 th\u1ec3 ch\u1eadm l\u1ea1i m\u1ed9t ch\u00fat. Kh\u00f4ng c\u1ea7n ph\u1ea3i c\u1ed1 g\u1eafng hi\u1ec3u m\u1ecdi th\u1ee9 ngay l\u1eadp t\u1ee9c, c\u0169ng kh\u00f4ng c\u1ea7n ph\u1ea3i tr\u1edf n\u00ean t\u1ed1t h\u01a1n ngay l\u1eadp t\u1ee9c. Ch\u1ec9 l\u00e0 \u1edf l\u1ea1i, nh\u00ecn l\u1ea1i, v\u00e0 hi\u1ec3u d\u1ea7n.<\/p>\n\n\n\n<p>\u1ede \u0111\u00e2y, c\u00f3 hai d\u00f2ng n\u1ed9i dung song song.<\/p>\n\n\n\n<p>M\u1ed9t l\u00e0 nh\u1eefng ki\u1ebfn th\u1ee9c t\u00e2m l\u00fd h\u1ecdc m\u00e0 trong qu\u00e1 tr\u00ecnh h\u1ecdc t\u1eadp m\u00ecnh \u0111\u01b0\u1ee3c ti\u1ebfp c\u1eadn &#8211; v\u1ec1 c\u1ea3m x\u00fac, c\u00e1ch t\u00e2m tr\u00ed v\u1eadn h\u00e0nh, \u0111\u1ed9ng l\u1ef1c, c\u00e1c m\u1ed1i quan h\u1ec7. Nh\u1eefng kh\u00e1i ni\u1ec7m m\u00e0 tr\u01b0\u1edbc \u0111\u00e2y c\u00f3 th\u1ec3 nghe kh\u00e1 xa, nh\u01b0ng khi \u0111\u1eb7t v\u00e0o \u0111\u1eddi s\u1ed1ng, l\u1ea1i tr\u1edf n\u00ean r\u1ea5t g\u1ea7n. M\u00ecnh c\u1ed1 g\u1eafng vi\u1ebft l\u1ea1i ch\u00fang theo c\u00e1ch r\u00f5 r\u00e0ng, d\u1ec5 hi\u1ec3u, \u0111\u1ec3 ch\u00fang ta c\u00f3 th\u1ec3 d\u00f9ng nh\u01b0 m\u1ed9t \u201cng\u00f4n ng\u1eef\u201d \u0111\u1ec3 hi\u1ec3u ch\u00ednh m\u00ecnh.<\/p>\n\n\n\n<p>Hai l\u00e0 nh\u1eefng \u0111i\u1ec1u r\u1ea5t \u0111\u1eddi. L\u00e0 nh\u1eefng ng\u00e0y l\u00e0m vi\u1ec7c b\u00ecnh th\u01b0\u1eddng nh\u01b0ng v\u1eabn th\u1ea5y ki\u1ec7t s\u1ee9c. L\u00e0 nh\u1eefng l\u00fac b\u1eaft \u0111\u1ea7u nghi ng\u1edd con \u0111\u01b0\u1eddng m\u00ecnh \u0111\u00e3 ch\u1ecdn. L\u00e0 c\u1ea3m gi\u00e1c c\u00f4 \u0111\u01a1n m\u00e0 nhi\u1ec1u ng\u01b0\u1eddi tr\u01b0\u1edfng th\u00e0nh \u0111\u1ec1u t\u1eebng \u0111i qua, d\u00f9 kh\u00f4ng ph\u1ea3i l\u00fac n\u00e0o c\u0169ng n\u00f3i ra.<\/p>\n\n\n\n<p>M\u00ecnh kh\u00f4ng c\u1ed1 g\u1eafng \u0111\u01b0a ra l\u1eddi khuy\u00ean, hay nh\u1eefng k\u1ebft lu\u1eadn \u0111\u00fang &#8211; sai. \u0110i\u1ec1u m\u00ecnh mu\u1ed1n gi\u1eef l\u1ea1i \u1edf \u0111\u00e2y l\u00e0 s\u1ef1 r\u00f5 r\u00e0ng v\u00e0 s\u1ef1 ch\u00e2n th\u1eadt. R\u00f5 r\u00e0ng trong c\u00e1ch hi\u1ec3u, v\u00e0 ch\u00e2n th\u1eadt trong c\u00e1ch k\u1ec3.<\/p>\n\n\n\n<p>C\u00f3 th\u1ec3 b\u1ea1n s\u1ebd t\u00ecm th\u1ea5y m\u1ed9t kh\u00e1i ni\u1ec7m gi\u00fap b\u1ea1n hi\u1ec3u \u0111i\u1ec1u g\u00ec \u0111\u00f3 r\u00f5 h\u01a1n. Ho\u1eb7c ch\u1ec9 \u0111\u01a1n gi\u1ea3n l\u00e0&nbsp; trong m\u1ed9t kho\u1ea3nh kh\u1eafc n\u00e0o \u0111\u00f3, b\u1ea1n \u0111\u1ecdc m\u1ed9t d\u00f2ng v\u00e0 ngh\u0129: \u201c\u1eea, m\u00ecnh c\u0169ng t\u1eebng nh\u01b0 v\u1eady.\u201d<\/p>\n\n\n\n<p>V\u00e0 \u0111\u00f4i khi, nh\u01b0 v\u1eady l\u00e0 \u0111\u1ee7.<\/p>\n\n\n\n<hr class=\"wp-block-separator has-alpha-channel-opacity\"\/>\n\n\n\n<h3 class=\"wp-block-heading\"><strong>3. V\u1ec1 Podcast \u201cSau gi\u1edd l\u00e0m c\u00f9ng Li\u00ean\u201d<\/strong><\/h3>\n\n\n\n<p>N\u1ebfu website n\u00e0y l\u00e0 n\u01a1i m\u00ecnh vi\u1ebft, th\u00ec \u201cSau gi\u1edd l\u00e0m c\u00f9ng Li\u00ean\u201d l\u00e0 n\u01a1i m\u00ecnh ng\u1ed3i xu\u1ed1ng v\u00e0 n\u00f3i chuy\u1ec7n.<\/p>\n\n\n\n<p>Kh\u00f4ng c\u00f3 g\u00ec qu\u00e1 ph\u1ee9c t\u1ea1p. Ch\u1ec9 l\u00e0 nh\u1eefng l\u00fac sau m\u1ed9t ng\u00e0y d\u00e0i, khi c\u00f4ng vi\u1ec7c \u0111\u00e3 t\u1ea1m kh\u00e9p l\u1ea1i, v\u00e0 ch\u00fang ta c\u00f3 m\u1ed9t kho\u1ea3ng nh\u1ecf \u0111\u1ec3 quay v\u1ec1 v\u1edbi ch\u00ednh m\u00ecnh. M\u00ecnh lu\u00f4n ngh\u0129 \u0111\u00e2y l\u00e0 m\u1ed9t th\u1eddi \u0111i\u1ec3m r\u1ea5t th\u1eadt, khi ch\u00fang ta kh\u00f4ng c\u00f2n c\u1ea7n ph\u1ea3i th\u1ec3 hi\u1ec7n \u0111i\u1ec1u g\u00ec, v\u00e0 c\u00f3 th\u1ec3 th\u00e0nh th\u1eadt h\u01a1n v\u1edbi c\u1ea3m x\u00fac c\u1ee7a m\u00ecnh. Khi m\u1ec7t, ch\u00fang ta bi\u1ebft m\u00ecnh m\u1ec7t. Khi bu\u1ed3n, ch\u00fang ta kh\u00f4ng c\u1ea7n ph\u1ea3i gi\u1ea5u. V\u00e0 \u0111\u00f4i khi, ch\u1ec9 c\u1ea7n c\u00f3 m\u1ed9t kh\u00f4ng gian \u0111\u1ee7 an to\u00e0n \u0111\u1ec3 \u1edf c\u00f9ng nh\u1eefng c\u1ea3m x\u00fac \u0111\u00f3, m\u1ecdi th\u1ee9 \u0111\u00e3 nh\u1eb9 \u0111i m\u1ed9t ch\u00fat r\u1ed3i.<\/p>\n\n\n\n<p>M\u00ecnh r\u1ea5t th\u00edch t\u1eeb \u201cm\u00ecnh\u201d. V\u00ec n\u00f3 v\u1eeba l\u00e0 ch\u00ednh ta, v\u1eeba l\u00e0 c\u00e1ch ch\u00fang ta g\u1ecdi nhau, m\u1ed9t c\u00e1ch g\u1ea7n g\u0169i v\u00e0 kh\u00f4ng kho\u1ea3ng c\u00e1ch.<\/p>\n\n\n\n<p>N\u1ebfu b\u1ea1n \u0111ang nghe, th\u00ec m\u00ecnh \u0111ang n\u00f3i v\u1edbi b\u1ea1n.<br>N\u1ebfu b\u1ea1n \u0111ang \u1edf l\u1ea1i, th\u00ec c\u00f3 l\u1ebd ch\u00fang ta \u0111ang c\u00f9ng nhau \u0111i qua m\u1ed9t \u0111i\u1ec1u g\u00ec \u0111\u00f3.<\/p>\n\n\n\n<hr class=\"wp-block-separator has-alpha-channel-opacity\"\/>\n\n\n\n<h3 class=\"wp-block-heading\"><strong>4. N\u1ebfu b\u1ea1n \u1edf l\u1ea1i<\/strong><\/h3>\n\n\n\n<p>M\u00ecnh kh\u00f4ng ngh\u0129 website n\u00e0y s\u1ebd gi\u1ea3i quy\u1ebft \u0111\u01b0\u1ee3c h\u1ebft m\u1ecdi c\u00e2u h\u1ecfi c\u1ee7a b\u1ea1n. Nh\u01b0ng m\u00ecnh hy v\u1ecdng r\u1eb1ng, \u1edf \u0111\u00e2u \u0111\u00f3 gi\u1eefa nh\u1eefng b\u00e0i vi\u1ebft n\u00e0y, b\u1ea1n s\u1ebd:<\/p>\n\n\n\n<ul class=\"wp-block-list\">\n<li>Hi\u1ec3u m\u00ecnh h\u01a1n m\u1ed9t ch\u00fat<\/li>\n\n\n\n<li>C\u1ea3m th\u1ea5y m\u00ecnh kh\u00f4ng c\u00f4 \u0111\u01a1n trong nh\u1eefng g\u00ec m\u00ecnh \u0111ang tr\u1ea3i qua<\/li>\n\n\n\n<li>V\u00e0 c\u00f3 th\u00eam m\u1ed9t g\u00f3c nh\u00ecn \u0111\u1ec3 ti\u1ebfp t\u1ee5c h\u00e0nh tr\u00ecnh c\u1ee7a m\u00ecnh<\/li>\n<\/ul>\n\n\n\n<p>N\u1ebfu b\u1ea1n t\u00ecm \u0111\u01b0\u1ee3c m\u1ed9t \u0111i\u1ec1u g\u00ec \u0111\u00f3 \u1edf \u0111\u00e2y, d\u00f9 r\u1ea5t nh\u1ecf th\u00f4i, th\u00ec m\u00ecnh th\u1eadt s\u1ef1 r\u1ea5t vui. C\u00f2n n\u1ebfu b\u1ea1n v\u1eabn \u0111ang t\u00ecm ki\u1ebfm, th\u00ec c\u0169ng kh\u00f4ng sao c\u1ea3.<\/p>\n\n\n\n<p>Ch\u00fang ta \u0111\u1ec1u \u0111ang tr\u00ean \u0111\u01b0\u1eddng.<\/p>\n\n\n\n<p>Love,<br>Li\u00ean<\/p>\n\n\n\n<p><\/p>\n<\/div>\n<\/div>\n\n\n\n<p><\/p>\n\n\n\n<p><\/p>\n","protected":false},"excerpt":{"rendered":"<p>C\u1ea3m \u01a1n b\u1ea1n \u0111\u00e3 gh\u00e9 th\u0103m saugiolam.vn C\u00f3 th\u1ec3 b\u1ea1n \u0111\u1ebfn \u0111\u00e2y v\u00ec m\u1ed9t s\u1ef1 t\u00f2 m\u00f2 r\u1ea5t nh\u1ecf. C\u0169ng c\u00f3 th\u1ec3 l\u00e0 v\u00ec b\u1ea1n \u0111ang h\u01a1i m\u1ec7t, ho\u1eb7c \u0111ang \u0111i qua m\u1ed9t giai \u0111o\u1ea1n m\u00e0 m\u1ecdi th\u1ee9 kh\u00f4ng c\u00f2n r\u00f5 r\u00e0ng nh\u01b0 tr\u01b0\u1edbc. D\u00f9 l\u00e0 l\u00fd do g\u00ec, m\u00ecnh th\u1eadt s\u1ef1 tr\u00e2n tr\u1ecdng vi\u1ec7c &hellip;<\/p>\n","protected":false},"author":1,"featured_media":0,"parent":0,"menu_order":0,"comment_status":"closed","ping_status":"closed","template":"","meta":{"footnotes":""},"class_list":["post-2127","page","type-page","status-publish","hentry"],"_links":{"self":[{"href":"https:\/\/tamlyhoctichcuc.vn\/index.php?rest_route=\/wp\/v2\/pages\/2127","targetHints":{"allow":["GET"]}}],"collection":[{"href":"https:\/\/tamlyhoctichcuc.vn\/index.php?rest_route=\/wp\/v2\/pages"}],"about":[{"href":"https:\/\/tamlyhoctichcuc.vn\/index.php?rest_route=\/wp\/v2\/types\/page"}],"author":[{"embeddable":true,"href":"https:\/\/tamlyhoctichcuc.vn\/index.php?rest_route=\/wp\/v2\/users\/1"}],"replies":[{"embeddable":true,"href":"https:\/\/tamlyhoctichcuc.vn\/index.php?rest_route=%2Fwp%2Fv2%2Fcomments&post=2127"}],"version-history":[{"count":6,"href":"https:\/\/tamlyhoctichcuc.vn\/index.php?rest_route=\/wp\/v2\/pages\/2127\/revisions"}],"predecessor-version":[{"id":4504,"href":"https:\/\/tamlyhoctichcuc.vn\/index.php?rest_route=\/wp\/v2\/pages\/2127\/revisions\/4504"}],"wp:attachment":[{"href":"https:\/\/tamlyhoctichcuc.vn\/index.php?rest_route=%2Fwp%2Fv2%2Fmedia&parent=2127"}],"curies":[{"name":"wp","href":"https:\/\/api.w.org\/{rel}","templated":true}]}}